{"id":28,"date":"2024-09-15T07:45:22","date_gmt":"2024-09-15T07:45:22","guid":{"rendered":"https:\/\/homeos.mathos.unios.hr\/?page_id=28"},"modified":"2026-02-17T12:18:35","modified_gmt":"2026-02-17T12:18:35","slug":"publications","status":"publish","type":"page","link":"https:\/\/homeos.mathos.unios.hr\/?page_id=28","title":{"rendered":"Publications"},"content":{"rendered":"\n<p><strong>Papers in scientific journals<\/strong><\/p>\n\n\n\n<ol class=\"wp-block-list\">\n<li>I. Crnjac, J. Jankov Pavlovi\u0107, P. Kun\u0161tek, Optimal design of elastic plates, ESAIM: Mathematical Modelling and Numerical Analysis&nbsp;<strong>58<\/strong>\/3 (2024), 1137-1151, <a href=\"https:\/\/www.croris.hr\/crosbi\/publikacija\/resolve\/croris\/844692\" target=\"_blank\" rel=\"noreferrer noopener\">doi: 10.1051\/m2an\/202403<\/a>6, <a href=\"https:\/\/www.esaim-m2an.org\/articles\/m2an\/pdf\/2024\/03\/m2an230109.pdf\">https:\/\/www.esaim-m2an.org\/articles\/m2an\/pdf\/2024\/03\/m2an230109.pdf<\/a> <\/li>\n\n\n\n<li>K. Burazin, M. Erceg, M. Waurick,&nbsp;Evolutionary Equations are G-compact, Journal of Evolution Equations&nbsp; 24:25, (2024), <a href=\"https:\/\/www.croris.hr\/crosbi\/publikacija\/resolve\/croris\/832849\" target=\"_blank\" rel=\"noreferrer noopener\">doi: 10.1007\/s00028-024-00971-w<\/a>, <a href=\"https:\/\/link.springer.com\/article\/10.1007\/s00028-024-00971-w\">https:\/\/link.springer.com\/article\/10.1007\/s00028-024-00971-w<\/a><\/li>\n\n\n\n<li>M. Bu\u017ean\u010di\u0107, E. Davoli, I. Vel\u010di\u0107, Effective quasistatic evolution models for perfectly plastic plates with periodic microstructure, Calculus of variations and partial differential equations, 63 (2024), doi: 10.1007\/s00526-024-02693-w, <a href=\"https:\/\/fizika-my.sharepoint.com\/:b:\/g\/personal\/jjankov_unios_hr\/EfAS91FEwEFNofYYlv06BXkB4OsZafMF_vfjIiH66aVLzA?e=186ztc\">link<\/a><\/li>\n\n\n\n<li>K. Burazin, M. Erceg, M. Waurick, G-convergence of Friedrichs systems revisited, Mathematical Methods in the Applied Sciences, doi: 10.1007\/s00028-024-00971-w, <a href=\"https:\/\/arxiv.org\/abs\/2307.01552\">https:\/\/arxiv.org\/abs\/2307.01552<\/a><\/li>\n\n\n\n<li>Y. S. Lim, J. \u017dubrini\u0107, An operator-asymptotic approach to periodic homogenization for equations of linearized elasticity, Asymptotic Analysis, <a href=\"https:\/\/arxiv.org\/abs\/2308.00594\">https:\/\/arxiv.org\/abs\/2308.00594<\/a>, doi: doi\/10.1177\/09217134241308360 <\/li>\n\n\n\n<li>M. Capoferri, M. Cherdantsev, I. Vel\u010di\u0107, High-contrast random systems of PDEs: homogenisation and spectral theory, Communications in Contemporary Mathematics,<\/li>\n\n\n\n<li>Effective Behaviour of Critical-Contrast PDEs: Micro-Resonances, Frequency Conversion, and Time Dispersive Properties. II, K. Cherednichenko, A. V. Kiselev, I. Vel\u010di\u0107, J. \u017dubrini\u0107, Communications in Mathematical Physics,<\/li>\n\n\n\n<li>Poroelastic plate model obtained by simultaneous homogenization and dimension reduction, M. Bu\u017ean\u010di\u0107, P. Hernandez-Llanos, I. Vel\u010di\u0107, J. \u017dubrini\u0107, Journal of Evolution Equations<\/li>\n<\/ol>\n\n\n\n<p><\/p>\n","protected":false},"excerpt":{"rendered":"<p>Papers in scientific journals<\/p>\n","protected":false},"author":4,"featured_media":0,"parent":0,"menu_order":5,"comment_status":"closed","ping_status":"closed","template":"","meta":{"footnotes":""},"class_list":["post-28","page","type-page","status-publish","hentry"],"yoast_head":"<!-- This site is optimized with the Yoast SEO plugin v27.3 - https:\/\/yoast.com\/product\/yoast-seo-wordpress\/ -->\n<title>Publications - HOMeoS<\/title>\n<meta name=\"robots\" content=\"index, follow, max-snippet:-1, max-image-preview:large, max-video-preview:-1\" \/>\n<link rel=\"canonical\" href=\"https:\/\/homeos.mathos.unios.hr\/?page_id=28\" \/>\n<meta property=\"og:locale\" content=\"en_US\" \/>\n<meta property=\"og:type\" content=\"article\" \/>\n<meta property=\"og:title\" content=\"Publications - HOMeoS\" \/>\n<meta property=\"og:description\" content=\"Papers in scientific journals\" \/>\n<meta property=\"og:url\" content=\"https:\/\/homeos.mathos.unios.hr\/?page_id=28\" \/>\n<meta property=\"og:site_name\" content=\"HOMeoS\" \/>\n<meta property=\"article:modified_time\" content=\"2026-02-17T12:18:35+00:00\" \/>\n<meta name=\"twitter:card\" content=\"summary_large_image\" \/>\n<meta name=\"twitter:label1\" content=\"Est. reading time\" \/>\n\t<meta name=\"twitter:data1\" content=\"1 minute\" \/>\n<script type=\"application\/ld+json\" class=\"yoast-schema-graph\">{\"@context\":\"https:\\\/\\\/schema.org\",\"@graph\":[{\"@type\":\"WebPage\",\"@id\":\"https:\\\/\\\/homeos.mathos.unios.hr\\\/?page_id=28\",\"url\":\"https:\\\/\\\/homeos.mathos.unios.hr\\\/?page_id=28\",\"name\":\"Publications - HOMeoS\",\"isPartOf\":{\"@id\":\"https:\\\/\\\/homeos.mathos.unios.hr\\\/#website\"},\"datePublished\":\"2024-09-15T07:45:22+00:00\",\"dateModified\":\"2026-02-17T12:18:35+00:00\",\"breadcrumb\":{\"@id\":\"https:\\\/\\\/homeos.mathos.unios.hr\\\/?page_id=28#breadcrumb\"},\"inLanguage\":\"en-US\",\"potentialAction\":[{\"@type\":\"ReadAction\",\"target\":[\"https:\\\/\\\/homeos.mathos.unios.hr\\\/?page_id=28\"]}]},{\"@type\":\"BreadcrumbList\",\"@id\":\"https:\\\/\\\/homeos.mathos.unios.hr\\\/?page_id=28#breadcrumb\",\"itemListElement\":[{\"@type\":\"ListItem\",\"position\":1,\"name\":\"Home\",\"item\":\"https:\\\/\\\/homeos.mathos.unios.hr\\\/\"},{\"@type\":\"ListItem\",\"position\":2,\"name\":\"Publications\"}]},{\"@type\":\"WebSite\",\"@id\":\"https:\\\/\\\/homeos.mathos.unios.hr\\\/#website\",\"url\":\"https:\\\/\\\/homeos.mathos.unios.hr\\\/\",\"name\":\"Homogenization and Optimization in Mechanics of Solids \u2013 HOMeoS\",\"description\":\"\",\"publisher\":{\"@id\":\"https:\\\/\\\/homeos.mathos.unios.hr\\\/#organization\"},\"potentialAction\":[{\"@type\":\"SearchAction\",\"target\":{\"@type\":\"EntryPoint\",\"urlTemplate\":\"https:\\\/\\\/homeos.mathos.unios.hr\\\/?s={search_term_string}\"},\"query-input\":{\"@type\":\"PropertyValueSpecification\",\"valueRequired\":true,\"valueName\":\"search_term_string\"}}],\"inLanguage\":\"en-US\"},{\"@type\":\"Organization\",\"@id\":\"https:\\\/\\\/homeos.mathos.unios.hr\\\/#organization\",\"name\":\"Croatian Science Foundation\",\"url\":\"https:\\\/\\\/homeos.mathos.unios.hr\\\/\",\"logo\":{\"@type\":\"ImageObject\",\"inLanguage\":\"en-US\",\"@id\":\"https:\\\/\\\/homeos.mathos.unios.hr\\\/#\\\/schema\\\/logo\\\/image\\\/\",\"url\":\"https:\\\/\\\/homeos.mathos.unios.hr\\\/wp-content\\\/uploads\\\/2025\\\/12\\\/HRZZ-eng_5181.jpg\",\"contentUrl\":\"https:\\\/\\\/homeos.mathos.unios.hr\\\/wp-content\\\/uploads\\\/2025\\\/12\\\/HRZZ-eng_5181.jpg\",\"width\":800,\"height\":377,\"caption\":\"Croatian Science Foundation\"},\"image\":{\"@id\":\"https:\\\/\\\/homeos.mathos.unios.hr\\\/#\\\/schema\\\/logo\\\/image\\\/\"}}]}<\/script>\n<!-- \/ Yoast SEO plugin. -->","yoast_head_json":{"title":"Publications - HOMeoS","robots":{"index":"index","follow":"follow","max-snippet":"max-snippet:-1","max-image-preview":"max-image-preview:large","max-video-preview":"max-video-preview:-1"},"canonical":"https:\/\/homeos.mathos.unios.hr\/?page_id=28","og_locale":"en_US","og_type":"article","og_title":"Publications - HOMeoS","og_description":"Papers in scientific journals","og_url":"https:\/\/homeos.mathos.unios.hr\/?page_id=28","og_site_name":"HOMeoS","article_modified_time":"2026-02-17T12:18:35+00:00","twitter_card":"summary_large_image","twitter_misc":{"Est. reading time":"1 minute"},"schema":{"@context":"https:\/\/schema.org","@graph":[{"@type":"WebPage","@id":"https:\/\/homeos.mathos.unios.hr\/?page_id=28","url":"https:\/\/homeos.mathos.unios.hr\/?page_id=28","name":"Publications - HOMeoS","isPartOf":{"@id":"https:\/\/homeos.mathos.unios.hr\/#website"},"datePublished":"2024-09-15T07:45:22+00:00","dateModified":"2026-02-17T12:18:35+00:00","breadcrumb":{"@id":"https:\/\/homeos.mathos.unios.hr\/?page_id=28#breadcrumb"},"inLanguage":"en-US","potentialAction":[{"@type":"ReadAction","target":["https:\/\/homeos.mathos.unios.hr\/?page_id=28"]}]},{"@type":"BreadcrumbList","@id":"https:\/\/homeos.mathos.unios.hr\/?page_id=28#breadcrumb","itemListElement":[{"@type":"ListItem","position":1,"name":"Home","item":"https:\/\/homeos.mathos.unios.hr\/"},{"@type":"ListItem","position":2,"name":"Publications"}]},{"@type":"WebSite","@id":"https:\/\/homeos.mathos.unios.hr\/#website","url":"https:\/\/homeos.mathos.unios.hr\/","name":"Homogenization and Optimization in Mechanics of Solids \u2013 HOMeoS","description":"","publisher":{"@id":"https:\/\/homeos.mathos.unios.hr\/#organization"},"potentialAction":[{"@type":"SearchAction","target":{"@type":"EntryPoint","urlTemplate":"https:\/\/homeos.mathos.unios.hr\/?s={search_term_string}"},"query-input":{"@type":"PropertyValueSpecification","valueRequired":true,"valueName":"search_term_string"}}],"inLanguage":"en-US"},{"@type":"Organization","@id":"https:\/\/homeos.mathos.unios.hr\/#organization","name":"Croatian Science Foundation","url":"https:\/\/homeos.mathos.unios.hr\/","logo":{"@type":"ImageObject","inLanguage":"en-US","@id":"https:\/\/homeos.mathos.unios.hr\/#\/schema\/logo\/image\/","url":"https:\/\/homeos.mathos.unios.hr\/wp-content\/uploads\/2025\/12\/HRZZ-eng_5181.jpg","contentUrl":"https:\/\/homeos.mathos.unios.hr\/wp-content\/uploads\/2025\/12\/HRZZ-eng_5181.jpg","width":800,"height":377,"caption":"Croatian Science Foundation"},"image":{"@id":"https:\/\/homeos.mathos.unios.hr\/#\/schema\/logo\/image\/"}}]}},"_links":{"self":[{"href":"https:\/\/homeos.mathos.unios.hr\/index.php?rest_route=\/wp\/v2\/pages\/28","targetHints":{"allow":["GET"]}}],"collection":[{"href":"https:\/\/homeos.mathos.unios.hr\/index.php?rest_route=\/wp\/v2\/pages"}],"about":[{"href":"https:\/\/homeos.mathos.unios.hr\/index.php?rest_route=\/wp\/v2\/types\/page"}],"author":[{"embeddable":true,"href":"https:\/\/homeos.mathos.unios.hr\/index.php?rest_route=\/wp\/v2\/users\/4"}],"replies":[{"embeddable":true,"href":"https:\/\/homeos.mathos.unios.hr\/index.php?rest_route=%2Fwp%2Fv2%2Fcomments&post=28"}],"version-history":[{"count":11,"href":"https:\/\/homeos.mathos.unios.hr\/index.php?rest_route=\/wp\/v2\/pages\/28\/revisions"}],"predecessor-version":[{"id":146,"href":"https:\/\/homeos.mathos.unios.hr\/index.php?rest_route=\/wp\/v2\/pages\/28\/revisions\/146"}],"wp:attachment":[{"href":"https:\/\/homeos.mathos.unios.hr\/index.php?rest_route=%2Fwp%2Fv2%2Fmedia&parent=28"}],"curies":[{"name":"wp","href":"https:\/\/api.w.org\/{rel}","templated":true}]}}