{"id":31,"date":"2024-09-15T07:46:21","date_gmt":"2024-09-15T07:46:21","guid":{"rendered":"https:\/\/homeos.mathos.unios.hr\/?page_id=31"},"modified":"2025-12-17T09:03:23","modified_gmt":"2025-12-17T09:03:23","slug":"dissemination","status":"publish","type":"page","link":"https:\/\/homeos.mathos.unios.hr\/?page_id=31","title":{"rendered":"Dissemination"},"content":{"rendered":"\n<p><strong>Talks at conferences<\/strong><\/p>\n\n\n\n<ol class=\"wp-block-list\">\n<li>Jelena Jankov Pavlovi\u0107: International Conference on Elliptic and Parabolic Problems, &#8220;Application of explicit energy bounds in optimal design of elastic plates&#8221;, Gaeta, Italy, 20.5.2024 &#8211; 24.05.2024., <a href=\"https:\/\/fizika-my.sharepoint.com\/:b:\/g\/personal\/jjankov_unios_hr\/EU-aFTs8inJIjesLmZKxUV4BQRWZ1ITOYQ_S4rnaqgf1Og?e=rN2O2J\">link<\/a><\/li>\n\n\n\n<li>Jelena Jankov Pavlovi\u0107: 8th Croatian Mathematical Congress, &#8220;Optimal design of transversely loaded plate&#8221;, Osijek, Croatia, 2.7.2024 &#8211; 5.7.2024., <a href=\"https:\/\/fizika-my.sharepoint.com\/:b:\/g\/personal\/jjankov_unios_hr\/ET8b_2qxi21LnG5QUB3iH9kB90vqgehRVgKGYA2d2UDi7g?e=mmzeFW\">link<\/a><\/li>\n\n\n\n<li>Jelena Jankov Pavlovi\u0107: 9th European Congress of Mathematics, &#8220;Energy bounds and optimal design problems of elastic plates&#8221;, Sevilla, Spain, 15.7.2024 &#8211; 19.7.2024., <a href=\"https:\/\/fizika-my.sharepoint.com\/:b:\/g\/personal\/jjankov_unios_hr\/EdLAktRAAedPhhmTNtv2KHoBb0jItEW-wx8-mFSK5fB3lg?e=3aESVq\">link<\/a><\/li>\n\n\n\n<li>Jelena Jankov Pavlovi\u0107: 12th Conference on Applied Mathematics and Scientific Computing, &#8220;Inverse problems for Kirchhoff-Love plate&#8221;, Dubrovnik, Croatia, 23.9.-27.9.2024., <a href=\"https:\/\/fizika-my.sharepoint.com\/:b:\/g\/personal\/jjankov_unios_hr\/ESw6Pb9TJHJDpN0VOmbLLqABLaHpjOkGyIQg1achXaNOMg?e=ytjiN7\">link<\/a><\/li>\n\n\n\n<li>Kre\u0161imir Burazin: Asymptotics 2024 \u2014 A conference on mathematical homogenisation and stability of differential equations, &#8220;Eigenfrequency optimization in linearized elasticity&#8221;, TU Bergakademie Freiberg, Njema\u010dka, 10.06.2024. &#8211; 14.06.2024., <a href=\"https:\/\/fizika-my.sharepoint.com\/:b:\/g\/personal\/jjankov_unios_hr\/EW2eaOpHw6RItt3OVGFw1ukBjcDVA-hMsF9jWjstraxX9Q?e=LjzZKd\">link<\/a><\/li>\n\n\n\n<li>Kre\u0161imir Burazin: 12th Conference on Applied Mathematics and Scientific Computing, &#8220;G-convergence of Friedrichs systems&#8221;, Dubrovnik, Croatia, 23.9.-27.9.2024., <a href=\"https:\/\/fizika-my.sharepoint.com\/:b:\/g\/personal\/jjankov_unios_hr\/Ee91RDK9tBhNuP3PlVjYcJQBjZAnpowkYjuQKjLI8UPVCA?e=Tcp76s\">link<\/a><\/li>\n\n\n\n<li>Ivana Crnjac: 8th Croatian Mathematical Congress, &#8220;Optimality criteria method for eigenfrequency optimization in linearized elasticity&#8221;,<br>&nbsp;&nbsp;&nbsp;Osijek,&nbsp;Croatia,&nbsp;2.7.2024.-5.7.2024, <a href=\"https:\/\/fizika-my.sharepoint.com\/:b:\/g\/personal\/jjankov_unios_hr\/ESOQdOWlGUBKoPyoD1svNH8BnoRBeuu3gUbR0YVHWanWUw?e=juO67G\">link<\/a><\/li>\n\n\n\n<li>Ivana Crnjac: 12th Conference on Applied Mathematics and Scientific Computing, &#8220;Eigenfrequency optimization in linearized elasticity&#8221;, Dubrovnik,&nbsp;Croatia, 23.9.2024.-27.9.2024., <a href=\"https:\/\/fizika-my.sharepoint.com\/:b:\/g\/personal\/jjankov_unios_hr\/ETcnGnYjxFlKrzN_QnFp14gBvw9_Nsy6etW4DQ_o5Hfc6Q?e=Wq4WW8\">link<\/a><\/li>\n\n\n\n<li>Josip \u017dubrini\u0107: Dortmund-Hagen-Wuppertal Analysis Meeting, &#8220;Operator-norm asymptotics for thin elastic rods with rapidly oscillating periodic properties&#8221;, Hagen, Njema\u010dka, 21.11.2024. &#8211; 21.11.2024., <a href=\"https:\/\/fizika-my.sharepoint.com\/:b:\/g\/personal\/jjankov_unios_hr\/EdmTt_B-rjJNi12DHAeOpcQBRVY3KEyWeMarhQDHtglfEw?e=QtHNpf\">link<\/a><\/li>\n\n\n\n<li>Igor Vel\u010di\u0107: Asymptotics 2024 \u2014 A conference on mathematical homogenisation and stability of differential equations, &#8220;Poroelastic plate model obtained by simultaneous homogenization and dimension reduction&#8221;, TU Bergakademie Freiberg, Njema\u010dka, 10.06.2024 &#8211; 14.06.2024., <a href=\"https:\/\/fizika-my.sharepoint.com\/:b:\/g\/personal\/jjankov_unios_hr\/Ef4k-AZPsPlGkafrtgYRx9gBhAhehQhHMKuLVyYtjZ7Ndw?e=cvPomk\">link<\/a><\/li>\n\n\n\n<li>Igor Vel\u010di\u0107: Nonlinear PDEs, calculus of variations and applications, &#8220;Homogenization of elasto-plastic plate&#8221;, Sussex, Velika Britanija, 24.06.2024 &#8211; 26.06.2024., <a href=\"https:\/\/fizika-my.sharepoint.com\/:b:\/g\/personal\/jjankov_unios_hr\/EcWkdWXrNqVIv8AaupGjn08Bs9p60hBhVHtVU1Iq53DYFA?e=LwbsKE\">link<\/a><\/li>\n\n\n\n<li>Marin Bu\u017ean\u010di\u0107: 8th Najman Conference, &#8220;Homogenization of elasto\u2013plastic plate equations with vanishing hardening&#8221;, Dubrovnik, Hrvatska, 07.09.2025-13.09.2025. <a href=\"https:\/\/homeos.mathos.unios.hr\/wp-content\/uploads\/2025\/12\/Buzancic-slides_8thNajman.pdf\" target=\"_blank\" rel=\"noreferrer noopener\">link<\/a><\/li>\n\n\n\n<li>Igor Vel\u010di\u0107: 8th Najman Conference,&#8221; Homogenisation of high-contrast integral operators&#8221;, Dubrovnik, Hrvatska, 07.09.2025.-13.09.2025. <a href=\"https:\/\/homeos.mathos.unios.hr\/wp-content\/uploads\/2025\/12\/Velcic-high-contrast-non-local.pdf\" target=\"_blank\" rel=\"noreferrer noopener\">link<\/a>&nbsp;<\/li>\n\n\n\n<li>&nbsp;Igor Vel\u010di\u0107: Homogenization of local and nonlocal operators and homogeneous geometric structures, &#8220;Poroelastic plate model obtained by simultaneous homogenization anddimension reduction&#8221;, Narvik, Norve\u0161ka, 31.03.2025.-01.04.2025. <a href=\"https:\/\/homeos.mathos.unios.hr\/wp-content\/uploads\/2025\/12\/Velcic-poroelastic-plate-narvick.pdf\" target=\"_blank\" rel=\"noreferrer noopener\">link<\/a><\/li>\n\n\n\n<li>&nbsp;Josip \u017dubrini\u0107: 8th Najman Conference, &#8220;An Operator-Asymptotic Approach to Periodic Homogenization for Equations of Linearized Elasticity&#8221;, Dubrovnik, Hrvatska, 07.09.2025.-13.09.2025.&nbsp;<a href=\"https:\/\/homeos.mathos.unios.hr\/wp-content\/uploads\/2025\/12\/Zubrinic-talk_Dubrovnik.pdf\" target=\"_blank\" rel=\"noreferrer noopener\">link<\/a><\/li>\n\n\n\n<li>Kre\u0161imir Burazin: 4th Workshop on Optimal Control of Dynamical Systems and Application, &#8220;G-convergence of m-accretive extensions of Friedrichs systems&#8221;, Villany, Ma\u0111arska, 26.02.2025. &#8211; 28.02.2025.<\/li>\n<\/ol>\n\n\n\n<p><\/p>\n","protected":false},"excerpt":{"rendered":"<p>Talks at conferences<\/p>\n","protected":false},"author":4,"featured_media":0,"parent":0,"menu_order":6,"comment_status":"closed","ping_status":"closed","template":"","meta":{"footnotes":""},"class_list":["post-31","page","type-page","status-publish","hentry"],"yoast_head":"<!-- This site is optimized with the Yoast SEO plugin v27.3 - https:\/\/yoast.com\/product\/yoast-seo-wordpress\/ -->\n<title>Dissemination - HOMeoS<\/title>\n<meta name=\"robots\" content=\"index, follow, max-snippet:-1, max-image-preview:large, max-video-preview:-1\" \/>\n<link rel=\"canonical\" href=\"https:\/\/homeos.mathos.unios.hr\/?page_id=31\" \/>\n<meta property=\"og:locale\" content=\"en_US\" \/>\n<meta property=\"og:type\" content=\"article\" \/>\n<meta property=\"og:title\" content=\"Dissemination - HOMeoS\" \/>\n<meta property=\"og:description\" content=\"Talks at conferences\" \/>\n<meta property=\"og:url\" content=\"https:\/\/homeos.mathos.unios.hr\/?page_id=31\" \/>\n<meta property=\"og:site_name\" content=\"HOMeoS\" \/>\n<meta property=\"article:modified_time\" content=\"2025-12-17T09:03:23+00:00\" \/>\n<meta name=\"twitter:card\" content=\"summary_large_image\" \/>\n<meta name=\"twitter:label1\" content=\"Est. reading time\" \/>\n\t<meta name=\"twitter:data1\" content=\"2 minutes\" \/>\n<script type=\"application\/ld+json\" class=\"yoast-schema-graph\">{\"@context\":\"https:\\\/\\\/schema.org\",\"@graph\":[{\"@type\":\"WebPage\",\"@id\":\"https:\\\/\\\/homeos.mathos.unios.hr\\\/?page_id=31\",\"url\":\"https:\\\/\\\/homeos.mathos.unios.hr\\\/?page_id=31\",\"name\":\"Dissemination - HOMeoS\",\"isPartOf\":{\"@id\":\"https:\\\/\\\/homeos.mathos.unios.hr\\\/#website\"},\"datePublished\":\"2024-09-15T07:46:21+00:00\",\"dateModified\":\"2025-12-17T09:03:23+00:00\",\"breadcrumb\":{\"@id\":\"https:\\\/\\\/homeos.mathos.unios.hr\\\/?page_id=31#breadcrumb\"},\"inLanguage\":\"en-US\",\"potentialAction\":[{\"@type\":\"ReadAction\",\"target\":[\"https:\\\/\\\/homeos.mathos.unios.hr\\\/?page_id=31\"]}]},{\"@type\":\"BreadcrumbList\",\"@id\":\"https:\\\/\\\/homeos.mathos.unios.hr\\\/?page_id=31#breadcrumb\",\"itemListElement\":[{\"@type\":\"ListItem\",\"position\":1,\"name\":\"Home\",\"item\":\"https:\\\/\\\/homeos.mathos.unios.hr\\\/\"},{\"@type\":\"ListItem\",\"position\":2,\"name\":\"Dissemination\"}]},{\"@type\":\"WebSite\",\"@id\":\"https:\\\/\\\/homeos.mathos.unios.hr\\\/#website\",\"url\":\"https:\\\/\\\/homeos.mathos.unios.hr\\\/\",\"name\":\"Homogenization and Optimization in Mechanics of Solids \u2013 HOMeoS\",\"description\":\"\",\"publisher\":{\"@id\":\"https:\\\/\\\/homeos.mathos.unios.hr\\\/#organization\"},\"potentialAction\":[{\"@type\":\"SearchAction\",\"target\":{\"@type\":\"EntryPoint\",\"urlTemplate\":\"https:\\\/\\\/homeos.mathos.unios.hr\\\/?s={search_term_string}\"},\"query-input\":{\"@type\":\"PropertyValueSpecification\",\"valueRequired\":true,\"valueName\":\"search_term_string\"}}],\"inLanguage\":\"en-US\"},{\"@type\":\"Organization\",\"@id\":\"https:\\\/\\\/homeos.mathos.unios.hr\\\/#organization\",\"name\":\"Croatian Science Foundation\",\"url\":\"https:\\\/\\\/homeos.mathos.unios.hr\\\/\",\"logo\":{\"@type\":\"ImageObject\",\"inLanguage\":\"en-US\",\"@id\":\"https:\\\/\\\/homeos.mathos.unios.hr\\\/#\\\/schema\\\/logo\\\/image\\\/\",\"url\":\"https:\\\/\\\/homeos.mathos.unios.hr\\\/wp-content\\\/uploads\\\/2025\\\/12\\\/HRZZ-eng_5181.jpg\",\"contentUrl\":\"https:\\\/\\\/homeos.mathos.unios.hr\\\/wp-content\\\/uploads\\\/2025\\\/12\\\/HRZZ-eng_5181.jpg\",\"width\":800,\"height\":377,\"caption\":\"Croatian Science Foundation\"},\"image\":{\"@id\":\"https:\\\/\\\/homeos.mathos.unios.hr\\\/#\\\/schema\\\/logo\\\/image\\\/\"}}]}<\/script>\n<!-- \/ Yoast SEO plugin. -->","yoast_head_json":{"title":"Dissemination - HOMeoS","robots":{"index":"index","follow":"follow","max-snippet":"max-snippet:-1","max-image-preview":"max-image-preview:large","max-video-preview":"max-video-preview:-1"},"canonical":"https:\/\/homeos.mathos.unios.hr\/?page_id=31","og_locale":"en_US","og_type":"article","og_title":"Dissemination - HOMeoS","og_description":"Talks at conferences","og_url":"https:\/\/homeos.mathos.unios.hr\/?page_id=31","og_site_name":"HOMeoS","article_modified_time":"2025-12-17T09:03:23+00:00","twitter_card":"summary_large_image","twitter_misc":{"Est. reading time":"2 minutes"},"schema":{"@context":"https:\/\/schema.org","@graph":[{"@type":"WebPage","@id":"https:\/\/homeos.mathos.unios.hr\/?page_id=31","url":"https:\/\/homeos.mathos.unios.hr\/?page_id=31","name":"Dissemination - HOMeoS","isPartOf":{"@id":"https:\/\/homeos.mathos.unios.hr\/#website"},"datePublished":"2024-09-15T07:46:21+00:00","dateModified":"2025-12-17T09:03:23+00:00","breadcrumb":{"@id":"https:\/\/homeos.mathos.unios.hr\/?page_id=31#breadcrumb"},"inLanguage":"en-US","potentialAction":[{"@type":"ReadAction","target":["https:\/\/homeos.mathos.unios.hr\/?page_id=31"]}]},{"@type":"BreadcrumbList","@id":"https:\/\/homeos.mathos.unios.hr\/?page_id=31#breadcrumb","itemListElement":[{"@type":"ListItem","position":1,"name":"Home","item":"https:\/\/homeos.mathos.unios.hr\/"},{"@type":"ListItem","position":2,"name":"Dissemination"}]},{"@type":"WebSite","@id":"https:\/\/homeos.mathos.unios.hr\/#website","url":"https:\/\/homeos.mathos.unios.hr\/","name":"Homogenization and Optimization in Mechanics of Solids \u2013 HOMeoS","description":"","publisher":{"@id":"https:\/\/homeos.mathos.unios.hr\/#organization"},"potentialAction":[{"@type":"SearchAction","target":{"@type":"EntryPoint","urlTemplate":"https:\/\/homeos.mathos.unios.hr\/?s={search_term_string}"},"query-input":{"@type":"PropertyValueSpecification","valueRequired":true,"valueName":"search_term_string"}}],"inLanguage":"en-US"},{"@type":"Organization","@id":"https:\/\/homeos.mathos.unios.hr\/#organization","name":"Croatian Science Foundation","url":"https:\/\/homeos.mathos.unios.hr\/","logo":{"@type":"ImageObject","inLanguage":"en-US","@id":"https:\/\/homeos.mathos.unios.hr\/#\/schema\/logo\/image\/","url":"https:\/\/homeos.mathos.unios.hr\/wp-content\/uploads\/2025\/12\/HRZZ-eng_5181.jpg","contentUrl":"https:\/\/homeos.mathos.unios.hr\/wp-content\/uploads\/2025\/12\/HRZZ-eng_5181.jpg","width":800,"height":377,"caption":"Croatian Science Foundation"},"image":{"@id":"https:\/\/homeos.mathos.unios.hr\/#\/schema\/logo\/image\/"}}]}},"_links":{"self":[{"href":"https:\/\/homeos.mathos.unios.hr\/index.php?rest_route=\/wp\/v2\/pages\/31","targetHints":{"allow":["GET"]}}],"collection":[{"href":"https:\/\/homeos.mathos.unios.hr\/index.php?rest_route=\/wp\/v2\/pages"}],"about":[{"href":"https:\/\/homeos.mathos.unios.hr\/index.php?rest_route=\/wp\/v2\/types\/page"}],"author":[{"embeddable":true,"href":"https:\/\/homeos.mathos.unios.hr\/index.php?rest_route=\/wp\/v2\/users\/4"}],"replies":[{"embeddable":true,"href":"https:\/\/homeos.mathos.unios.hr\/index.php?rest_route=%2Fwp%2Fv2%2Fcomments&post=31"}],"version-history":[{"count":21,"href":"https:\/\/homeos.mathos.unios.hr\/index.php?rest_route=\/wp\/v2\/pages\/31\/revisions"}],"predecessor-version":[{"id":150,"href":"https:\/\/homeos.mathos.unios.hr\/index.php?rest_route=\/wp\/v2\/pages\/31\/revisions\/150"}],"wp:attachment":[{"href":"https:\/\/homeos.mathos.unios.hr\/index.php?rest_route=%2Fwp%2Fv2%2Fmedia&parent=31"}],"curies":[{"name":"wp","href":"https:\/\/api.w.org\/{rel}","templated":true}]}}